{"id":852,"date":"2020-12-22T13:55:45","date_gmt":"2020-12-22T13:55:45","guid":{"rendered":"http:\/\/ebrocork.com\/aviso-legal\/"},"modified":"2020-12-22T14:32:01","modified_gmt":"2020-12-22T14:32:01","slug":"aviso-legal","status":"publish","type":"page","link":"https:\/\/ebrocork.com\/fr\/aviso-legal\/","title":{"rendered":"Viso legal"},"content":{"rendered":"<h1 class=\"is-blue\">MENTIONS L\u00c9GALES<\/h1>\n<h3 class=\"is-blue\">0. Objet et acceptation<\/h3>\n<p>Ces mentions l\u00e9gales contr\u00f4lent l\u2019usage du site web www.ebrocork.com (en avant, LA WEB), dont le titulaire est <strong>EBROCORK S.L.<\/strong> (en avant, LE PROPRI\u00c9TAIRE DE LA WEB).<br \/>\nLa navigation sur le site web du PROPRI\u00c9TAIRE DE LA WEB attribue la condition d\u2019usager du m\u00eame et implique l\u2019acceptation totale et sans r\u00e9serves de toutes et chacune des dispositions inclues dans ces Mentions L\u00e9gales, qui peuvent \u00eatre modifi\u00e9es.<br \/>\nL\u2019usager s\u2019oblige \u00e0 faire un usage correct du site web  en conformit\u00e9 avec les lois, la bonne foi, l\u2019ordre public, les usages du trafic et les Mentions L\u00e9gales pr\u00e9sentes. L\u2019usager r\u00e9pondra face au PROPRI\u00c9TAIRE DE LA WEB ou face \u00e0 des tiers, de quels que soient les dommages et int\u00e9r\u00eats qui pourraient \u00eatre caus\u00e9s comme cons\u00e9quence du manquement \u00e0 l\u2019obligation pr\u00e9cit\u00e9e<\/p>\n<h3 class=\"is-blue\">1. Identification et communications<\/h3>\n<p>LE PROPRI\u00c9TAIRE DE LA WEB, en respect de la loi 34\/2002, du 11 juin, des services de la soci\u00e9t\u00e9, de l\u2019information et du commerce \u00e9l\u00e9ctronique, vous informe que:<br \/>\nSa d\u00e9nomination sociale est: <strong>EBROCORk S.L.<\/strong><br \/>\nSon CIF\/NIF\/NIE est: B31742794.<br \/>\nSon domicile social est \u00e0 ITURRIZAR 3 \u2013 31131 CIRAUQUI \u2013 NAVARRA.<br \/>\nInscrite au Registro Mercantil de NAVARRA.<br \/>\nVous pouvez communiquer avec nous avec les dif\u00e9rents moyens \u00e0 votre disposition ci-apr\u00e8s:<br \/>\nT\u00e9l\u00e9phone +33948342149.<br \/>\nEmail: ebrocork@ebrocork.com<br \/>\nToutes les notifications et communications entre les usagers et LE PROPRI\u00c9TAIRE DE LA WEB seront consid\u00e9r\u00e9es efficaces \u00e0 tous les effets lorsqu\u2019ils seront r\u00e9alis\u00e9s \u00e0 travers courrier postal ou l\u2019un des moyens cit\u00e9s ant\u00e9rieurement.<\/p>\n<h3 class=\"is-blue\">2. Conditions d\u2019acc\u00e8s et utilisation<\/h3>\n<p>L\u2019acc\u00e8s au site web et ses services est libre et gratuit, toutefois, LE PROPRI\u00c9TAIRE DE LA WEB conditionne l\u2019utilisation de quelques services offerts dans sa web \u00e0 l\u2019accomplissement de ce formulaire.<br \/>\nL\u2019usager garantit l\u2019authenticit\u00e9 et l\u2019actualit\u00e9 de toutes les donn\u00e9es qu\u2019il communiquera au PROPRI\u00c9TAIRE DE LA WEB et sera le seul responsable des manifestations fausses ou inexactes qu\u2019il r\u00e9alisera.<br \/>\nL\u2019usager s\u2019engage \u00e0 faire usage ad\u00e9quat des contenus et services du PROPRI\u00c9TAIRE et \u00e0 ne pas les employer pour:<\/p>\n<ul>\n<li>Diffuser  des contenus ill\u00e9gaux, violents, pornographiques, racistes, x\u00e9nophobes, offensifs, d\u2019apologie du terrorisme, ou en g\u00e9n\u00e9ral contraires \u00e0 la loi ou \u00e0 l\u2019ordre public.<\/li>\n<li>Introduire dans le r\u00e9seau des virus informatiques ou r\u00e9aliser des actions susceptibles d\u2019alt\u00e9rer, ab\u00eemer, interrompre ou g\u00e9n\u00e9rer des erreurs ou dommages dans les documents \u00e9lectroniques, donn\u00e9es ou syst\u00e8mes physiques et logiques du PROPRI\u00c9TAIRE DE LA WEB ou \u00e0 des tiers ; ainsi que faire obstacle \u00e0 l\u2019acc\u00e8s d\u2019autres usagers au site web et \u00e0 ses services \u00e0 l\u2019aide de consommation massive des recours informatiques \u00e0 travers lesquels LE PROPRI\u00c9TAIRE DE LA WEB pr\u00eate ses services.<\/li>\n<li>Essayer d\u2019acc\u00e9der aux courriers \u00e9lectroniques d\u2019autres usagers ou aires restreintes des syst\u00e8mes informatiques du PROPRI\u00c9TAIRE DE LA WEB ou \u00e0 des tiers et aussi extraire information.<\/li>\n<li>Porter atteinte aux droits de propri\u00e9t\u00e9 intellectuelle ou industrielle, ainsi que violer la confidentialit\u00e9 de l\u2019information du PROPRI\u00c9TAIRE DE LA WEB ou  des tiers.<\/li>\n<li>Supplanter l\u2019identit\u00e9 d\u2019un autre usager, des administrations publiques ou d\u2019un tiers.<\/li>\n<li>Reproduire, copier, distribuer, mettre \u00e0 disposition de, ou autre forme de communication publique, transformer ou modifier les contenus, sans l\u2019autorisation du titulaire des droits correspondants ou que ce soit permis.<\/li>\n<li>Obtenir des donn\u00e9es \u00e0 des fins publicitaires et envoyer de la publicit\u00e9 et de l\u2019information \u00e0 des fins commerciales sans sollicitude pr\u00e9alable et sans autorisation.<\/li>\n<\/ul>\n<p>Tous les contenus du site web, comme textes, photographies, graphiques, images, ic\u00f4nes, technologie, software, ainsi que dessins graphiques et codes source constituent une \u0153uvre dont LE PROPRI\u00c9TAIRE DE LA WEB est le propri\u00e9taire, sans que puissent \u00eatre \u00e9tendus ou c\u00e9d\u00e9s \u00e0 aucun usager aucun des droits d\u2019exploitation au-del\u00e0 du strict n\u00e9cessaire pour un usage correct de la web.<br \/>\nLes usagers qui ont acc\u00e8s \u00e0 ce site web peuvent voir les contenus et effectuer si n\u00e9cessaire, des copies priv\u00e9es autoris\u00e9es tant que les \u00e9l\u00e9ments reproduits ne soient pas c\u00e9d\u00e9s post\u00e9rieurement \u00e0 des tiers, ni s\u2019installent des serveurs connect\u00e9s \u00e0 des r\u00e9seaux, ni soient l\u2019objet d\u2019aucun type d\u2019exploitation.<br \/>\nAinsi que toutes les marques, enseignes commerciales ou signes distinctifs qui apparaissent dans le site web sont la propri\u00e9t\u00e9 du PROPRI\u00c9TARIO DE LA WEB,  l\u2019usage ou acc\u00e8s  au site n\u2019attribue aucun droit sur celui-ci.<br \/>\nLa distribution, modification, cession ou communication publique des contenus et autres actes qui n\u2019aient pas \u00e9t\u00e9 autoris\u00e9s par le propri\u00e9taire des droits d\u2019exploitation sont interdits.<br \/>\nL\u2019\u00e9tablissement d\u2019un hyperlien n\u2019implique en aucun cas l\u2019existence de relations entre le PROPRI\u00c9TAIRE DE LA WEB et le propri\u00e9taire du site web dans lequel il s\u2019\u00e9tablisse, ni l\u2019acceptation ni l\u2019autorisation de la part du PROPRI\u00c9TAIRE DE LA WEB de ses contenus ou services. Les personnes qui souhaiteraient \u00e9tablir un hyperlien doivent au pr\u00e9alable solliciter une autorisation par \u00e9crit au PROPRI\u00c9TAIRE DE LA WEB. En tous les cas, l\u2019hyperlien permettra seulement l\u2019acc\u00e8s \u00e0 la home-page ou \u00e0 la page d\u2019accueil de notre site web, elles devront aussi s\u2019abstenir de r\u00e9aliser des indications ou des manifestations fausses, inexactes ou incorrectes sur le PROPRI\u00c9TAIRE DE LA WEB, ou inclure des contenus illicites, contraires aux bonnes us et  coutumes ainsi qu\u2019\u00e0 l\u2019ordre public.<br \/>\nLE PROPRI\u00c9TAIRE DE LA WEB ne sera pas tenu pour responsable de l\u2019usage que chaque usager fera du mat\u00e9riel mis \u00e0 disposition sur ce site web ni des actions qu\u2019il r\u00e9alisera avec les m\u00eames.<\/p>\n<h3 class=\"is-blue\">3. Exclusion des garanties et de responsabilit\u00e9<\/h3>\n<p>Le contenu de ce site web est de caract\u00e8re g\u00e9n\u00e9ral et son r\u00f4le est seulement informatif, sans garantir pleinement l\u2019acc\u00e8s \u00e0 son contenu, ni son exhaustivit\u00e9, correction, validit\u00e9 ou actualit\u00e9 pour un objectif sp\u00e9cifique.<br \/>\nLE PROPRI\u00c9TAIRE DE LA WEB exclue, jusqu\u2019aux limites de l\u2019ordre juridique, toute responsabilit\u00e9 pour les dommages et int\u00e9r\u00eats de toute nature d\u00e9riv\u00e9s de:<\/p>\n<ul>\n<li>l\u2019impossibilit\u00e9 d\u2019acc\u00e8s  au site web ou le manque de v\u00e9racit\u00e9, exactitude exhaustivit\u00e9 et\/ou actualit\u00e9 des contenus, ainsi que l\u2019existence de vices cach\u00e9s et d\u00e9fauts de toute sorte des contenus transmis, diffus\u00e9s, stock\u00e9s, mis \u00e0 disposition, \u00e0 ceux dont on a d\u00e9j\u00e0 eu acc\u00e8s \u00e0 travers le site web ou les services qui sont offerts.<\/li>\n<li>La pr\u00e9sence de virus ou autre \u00e9l\u00e9ments dans les contenus qui puissent produire des alt\u00e9rations dans les syst\u00e8mes informatiques, documents \u00e9lectroniques ou donn\u00e9es des usagers.<\/li>\n<li>Le manquement aux lois, la bonne foi, l\u2019ordre public, les usages du trafic et ces mentions l\u00e9gales comme cons\u00e9quence de l\u2019usage incorrect du site web. En particulier et en mode d\u2019exemple, LE PROPRI\u00c9TAIRE DE LA WEB n\u2019est pas responsable des actions de tiers qui portent atteinte au droit de la propri\u00e9t\u00e9 intellectuelle et industrielle, secrets professionnels, droit \u00e0 l\u2019honneur, \u00e0 l\u2019intimit\u00e9 personnelle, familiale et \u00e0 sa propre image, ainsi que la norme en mati\u00e8re de concurrence d\u00e9loyale et publicit\u00e9 illicite.<\/li>\n<p>LE PROPRI\u00c9TAIRE DE LA WEB d\u00e9cline toute responsabilit\u00e9 sur l\u2019information trouv\u00e9e hors de ce web et ne soit pas g\u00e9r\u00e9e directement par notre webmaster. La fonction des links qui apparaissent dans ce web est exclusivement d\u2019informer l\u2019usager de l\u2019existence d\u2019autres sources susceptibles d\u2019amplifier les contenus offerts par ce site web. LE PROPRI\u00c9TAIRE DE LA WEB n\u2019est pas responsable ni garant du fonctionnement ou accessibilit\u00e9 des sites li\u00e9s ; ni sugg\u00e8re ni invite ou recommande la visite de ceux-ci, de ce fait il ne sera pas non plus responsable du r\u00e9sultat obtenu. LE PROPRI\u00c9TAIRE DE LA WEB n\u2019est pas responsable de l\u2019\u00e9tablissement d\u2019hyperliens de la part de tiers.<\/p>\n<h3 class=\"is-blue\">4. Politique de confidentialit\u00e9<\/h3>\n<p>Lorsque nous aurons besoin d\u2019obtenir information de votre part, nous vous demanderons toujours de nous la communiquer volontairement et de fa\u00e7on pr\u00e9cise. Les donn\u00e9es collect\u00e9es \u00e0 travers les formulaires de collecte de donn\u00e9es du site web ou autres moyens seront incorpor\u00e9s \u00e0 un fichier de donn\u00e9es \u00e0 caract\u00e8re personnel d\u00fbment inscrit dans le Registre G\u00e9n\u00e9ral de Protection des donn\u00e9es de l\u2019Agence Espagnole de Protection de Donn\u00e9es, duquel LE PRORI\u00c9TAIRE DE LA WEB est le responsable. Cette entit\u00e9 traitera les donn\u00e9es confidentiellement et exclusivement de mani\u00e8re \u00e0 offrir  les services sollicit\u00e9s, avec toutes les garanties l\u00e9gales et de s\u00e9curit\u00e9 qu\u2019impose la Loi Organique 15\/1999, du 13 d\u00e9cembre, de Protection de donn\u00e9es  \u00e0 Caract\u00e8re Personnel, le Royal D\u00e9cret 1720\/2007, du 21 d\u00e9cembre et la Loi 34\/2002, du 11 juillet, des Services de la Soci\u00e9t\u00e9 de l\u2019Information et Commerce Electronique.<br \/>\nLE PROPRI\u00c9TAIRE DE LA WEB s\u2019engage \u00e0 ne pas c\u00e9der, vendre, ni partager les donn\u00e9es \u00e0 des tiers sans son autorisation formelle.<br \/>\n<strong>EBROCORK S.L.<\/strong> supprimera ou rectifiera les donn\u00e9es lorsqu\u2019elles seront inexactes, incompl\u00e8tes, ou ne soient plus n\u00e9cessaires, en conformit\u00e9 avec les pr\u00e9visions la Loi Organique 15\/1999, du 13 d\u00e9cembre, de la protection de donn\u00e9es \u00e0 caract\u00e8re personnel.<br \/>\nL\u2019usager pourra r\u00e9voquer l\u2019autorisation et exercer les droits d\u2019acc\u00e8s, rectification, r\u00e9siliation et opposition en s\u2019adressant au si\u00e8ge social d\u2019EBROCORK, sis \u00e0 ITURRIZAR 3 -31131 CIRAUQUI- NAVARRA, en s\u2019identifiant et indiquant d\u00fbment de mani\u00e8re visible le droit qu\u2019il exerce.<br \/>\nLE PROPRI\u00c9TAIRE DE LA WEB adopte les niveaux de s\u00e9curit\u00e9 requis par la Loi Organique 15\/1999 et autres normes applicables. Toutefois, il n\u2019assume aucune responsabilit\u00e9 pour les dommages et int\u00e9r\u00eats d\u00e9riv\u00e9s des alt\u00e9rations que des tiers peuvent causer dans les syst\u00e8mes informatiques, documents \u00e9lectroniques ou fichiers de l\u2019usager.<br \/>\nLE PROPRI\u00c9TAIRE DE LA WEB pourra utiliser des cookies pendant la prestation des services du site web. Les cookies sont des fichiers physiques de l\u2019information log\u00e9s dans le terminal de l\u2019usager. L\u2019usager a la possibilit\u00e9 de configurer son programme navigateur de mani\u00e8re \u00e0 emp\u00eacher la cr\u00e9ation  de fichiers cookies ou en soit averti.<br \/>\nS\u2019il d\u00e9cide d\u2019abandonner notre site web \u00e0 travers des liens \u00e0 des sites web qui n\u2019appartiennent pas \u00e0 notre entit\u00e9, LE PROPRI\u00c9TAIRE DE LA WEB ne sera pas responsable des politiques de confidentialit\u00e9 des nomm\u00e9s sites web ni des cookies que ceux-ci puissent stocker dans l\u2019ordinateur de l\u2019usager.<br \/>\nNotre politique du courrier \u00e9lectronique se centre seulement \u00e0 envoyer des communications que vous avez sollicit\u00e9.<br \/>\nSi vous pr\u00e9f\u00e9rez ne pas recevoir ces messages par courrier \u00e9lectronique nous vous offrons \u00e0 travers ceux-ci  la possibilit\u00e9 d\u2019exercer la r\u00e9siliation et le refus de r\u00e9ception de ces messages, en conformit\u00e9 avec les dispositions du Titre III,  article 22 de la Loi 34\/2002 des Services pour la Soci\u00e9t\u00e9 de l\u2019Information et du Commerce \u00c9lectronique.<\/p>\n<h3 class=\"is-blue\">5. Processus en cas de r\u00e9alisation d\u2019activit\u00e9s \u00e0 caract\u00e8re illicite.<\/h3>\n<p>Dans le cas o\u00f9 un usager ou un tiers consid\u00e8re qu\u2019il existe des faits ou circonstances qui r\u00e9v\u00e8lent le caract\u00e8re illicite de l\u2019utilisation de quelque contenu et\/ou de la r\u00e9alisation de quelque activit\u00e9 dans les pages web inclues ou accessibles \u00e0 travers le site web, devra envoyer une notification au PROPRI\u00c9TAIRE DE LA WEB en s\u2019identifiant, en pr\u00e9cisant les infractions suppos\u00e9es et d\u00e9clarant sous sa responsabilit\u00e9 que l\u2019information donn\u00e9e sur la notification est exacte.<br \/>\nPour tout litige qui concerne le site web du PROPRI\u00c9TAIRE DE LA WEB,  la l\u00e9gislation espagnole sera appliqu\u00e9e.<\/p>\n<h3 class=\"is-blue\">6. Publications<\/h3>\n<p>L\u2019information administrative facilit\u00e9e \u00e0 travers le site web ne substitue pas la publicit\u00e9 l\u00e9gale des lois, normes, plans, dispositions g\u00e9n\u00e9rales et actes qui doivent \u00eatre publi\u00e9s dans les journaux officiels des administrations publiques, qui constituent le seul instrument qui fait foi de son contenu et authenticit\u00e9. L\u2019information disponible sur ce site web doit \u00eatre interpr\u00e9t\u00e9e comme un guide sans propos ni validit\u00e9 l\u00e9gale.<\/p>\n","protected":false},"excerpt":{"rendered":"<p>MENTIONS L\u00c9GALES 0. Objet et acceptation Ces mentions l\u00e9gales contr\u00f4lent l\u2019usage du site web www.ebrocork.com (en avant, LA WEB), dont le titulaire est EBROCORK S.L&#8230;.<\/p>\n","protected":false},"author":3,"featured_media":0,"parent":0,"menu_order":9999,"comment_status":"closed","ping_status":"closed","template":"","meta":{"footnotes":""},"class_list":["post-852","page","type-page","status-publish"],"yoast_head":"<!-- This site is optimized with the Yoast SEO plugin v23.4 - https:\/\/yoast.com\/wordpress\/plugins\/seo\/ -->\n<title>Viso legal | ebrocork<\/title>\n<meta name=\"robots\" content=\"noindex, follow\" \/>\n<meta property=\"og:locale\" content=\"fr_FR\" \/>\n<meta property=\"og:type\" content=\"article\" \/>\n<meta property=\"og:title\" content=\"Viso legal | ebrocork\" \/>\n<meta property=\"og:description\" content=\"MENTIONS L\u00c9GALES 0. Objet et acceptation Ces mentions l\u00e9gales contr\u00f4lent l\u2019usage du site web www.ebrocork.com (en avant, LA WEB), dont le titulaire est EBROCORK S.L....\" \/>\n<meta property=\"og:url\" content=\"https:\/\/ebrocork.com\/fr\/aviso-legal\/\" \/>\n<meta property=\"og:site_name\" content=\"ebrocork\" \/>\n<meta property=\"article:modified_time\" content=\"2020-12-22T14:32:01+00:00\" \/>\n<meta name=\"twitter:card\" content=\"summary_large_image\" \/>\n<meta name=\"twitter:label1\" content=\"Dur\u00e9e de lecture estim\u00e9e\" \/>\n\t<meta name=\"twitter:data1\" content=\"10 minutes\" \/>\n<script type=\"application\/ld+json\" class=\"yoast-schema-graph\">{\"@context\":\"https:\/\/schema.org\",\"@graph\":[{\"@type\":\"WebPage\",\"@id\":\"https:\/\/ebrocork.com\/fr\/aviso-legal\/\",\"url\":\"https:\/\/ebrocork.com\/fr\/aviso-legal\/\",\"name\":\"Viso legal | ebrocork\",\"isPartOf\":{\"@id\":\"https:\/\/ebrocork.com\/fr\/#website\"},\"datePublished\":\"2020-12-22T13:55:45+00:00\",\"dateModified\":\"2020-12-22T14:32:01+00:00\",\"breadcrumb\":{\"@id\":\"https:\/\/ebrocork.com\/fr\/aviso-legal\/#breadcrumb\"},\"inLanguage\":\"fr-FR\",\"potentialAction\":[{\"@type\":\"ReadAction\",\"target\":[\"https:\/\/ebrocork.com\/fr\/aviso-legal\/\"]}]},{\"@type\":\"BreadcrumbList\",\"@id\":\"https:\/\/ebrocork.com\/fr\/aviso-legal\/#breadcrumb\",\"itemListElement\":[{\"@type\":\"ListItem\",\"position\":1,\"name\":\"Home\",\"item\":\"https:\/\/ebrocork.com\/fr\/\"},{\"@type\":\"ListItem\",\"position\":2,\"name\":\"Viso legal\"}]},{\"@type\":\"WebSite\",\"@id\":\"https:\/\/ebrocork.com\/fr\/#website\",\"url\":\"https:\/\/ebrocork.com\/fr\/\",\"name\":\"ebrocork\",\"description\":\"Experiencia Descorche\",\"potentialAction\":[{\"@type\":\"SearchAction\",\"target\":{\"@type\":\"EntryPoint\",\"urlTemplate\":\"https:\/\/ebrocork.com\/fr\/?s={search_term_string}\"},\"query-input\":{\"@type\":\"PropertyValueSpecification\",\"valueRequired\":true,\"valueName\":\"search_term_string\"}}],\"inLanguage\":\"fr-FR\"}]}<\/script>\n<!-- \/ Yoast SEO plugin. -->","yoast_head_json":{"title":"Viso legal | ebrocork","robots":{"index":"noindex","follow":"follow"},"og_locale":"fr_FR","og_type":"article","og_title":"Viso legal | ebrocork","og_description":"MENTIONS L\u00c9GALES 0. Objet et acceptation Ces mentions l\u00e9gales contr\u00f4lent l\u2019usage du site web www.ebrocork.com (en avant, LA WEB), dont le titulaire est EBROCORK S.L....","og_url":"https:\/\/ebrocork.com\/fr\/aviso-legal\/","og_site_name":"ebrocork","article_modified_time":"2020-12-22T14:32:01+00:00","twitter_card":"summary_large_image","twitter_misc":{"Dur\u00e9e de lecture estim\u00e9e":"10 minutes"},"schema":{"@context":"https:\/\/schema.org","@graph":[{"@type":"WebPage","@id":"https:\/\/ebrocork.com\/fr\/aviso-legal\/","url":"https:\/\/ebrocork.com\/fr\/aviso-legal\/","name":"Viso legal | ebrocork","isPartOf":{"@id":"https:\/\/ebrocork.com\/fr\/#website"},"datePublished":"2020-12-22T13:55:45+00:00","dateModified":"2020-12-22T14:32:01+00:00","breadcrumb":{"@id":"https:\/\/ebrocork.com\/fr\/aviso-legal\/#breadcrumb"},"inLanguage":"fr-FR","potentialAction":[{"@type":"ReadAction","target":["https:\/\/ebrocork.com\/fr\/aviso-legal\/"]}]},{"@type":"BreadcrumbList","@id":"https:\/\/ebrocork.com\/fr\/aviso-legal\/#breadcrumb","itemListElement":[{"@type":"ListItem","position":1,"name":"Home","item":"https:\/\/ebrocork.com\/fr\/"},{"@type":"ListItem","position":2,"name":"Viso legal"}]},{"@type":"WebSite","@id":"https:\/\/ebrocork.com\/fr\/#website","url":"https:\/\/ebrocork.com\/fr\/","name":"ebrocork","description":"Experiencia Descorche","potentialAction":[{"@type":"SearchAction","target":{"@type":"EntryPoint","urlTemplate":"https:\/\/ebrocork.com\/fr\/?s={search_term_string}"},"query-input":{"@type":"PropertyValueSpecification","valueRequired":true,"valueName":"search_term_string"}}],"inLanguage":"fr-FR"}]}},"_links":{"self":[{"href":"https:\/\/ebrocork.com\/fr\/wp-json\/wp\/v2\/pages\/852","targetHints":{"allow":["GET"]}}],"collection":[{"href":"https:\/\/ebrocork.com\/fr\/wp-json\/wp\/v2\/pages"}],"about":[{"href":"https:\/\/ebrocork.com\/fr\/wp-json\/wp\/v2\/types\/page"}],"author":[{"embeddable":true,"href":"https:\/\/ebrocork.com\/fr\/wp-json\/wp\/v2\/users\/3"}],"replies":[{"embeddable":true,"href":"https:\/\/ebrocork.com\/fr\/wp-json\/wp\/v2\/comments?post=852"}],"version-history":[{"count":0,"href":"https:\/\/ebrocork.com\/fr\/wp-json\/wp\/v2\/pages\/852\/revisions"}],"wp:attachment":[{"href":"https:\/\/ebrocork.com\/fr\/wp-json\/wp\/v2\/media?parent=852"}],"curies":[{"name":"wp","href":"https:\/\/api.w.org\/{rel}","templated":true}]}}