{"id":863,"date":"2020-12-22T14:39:57","date_gmt":"2020-12-22T14:39:57","guid":{"rendered":"http:\/\/ebrocork.com\/politica-de-privacidad\/"},"modified":"2020-12-22T14:45:57","modified_gmt":"2020-12-22T14:45:57","slug":"politique-de-confidentialite","status":"publish","type":"page","link":"https:\/\/ebrocork.com\/fr\/politique-de-confidentialite\/","title":{"rendered":"Politique de confidentialit\u00e9"},"content":{"rendered":"<h1 class=\"is-blue\">POLITIQUE DE CONFIDENTIALIT\u00c9<\/h1>\n<h3 class=\"is-blue\">Protection de donn\u00e9es<\/h3>\n<p>En accord avec ce qui est \u00e9tabli par la Loi Organique 15\/1999 du 13 d\u00e9cembre de la Protection des donn\u00e9es \u00e0 caract\u00e8re Personnel (LOPD), le client \/usager est inform\u00e9 et pr\u00eate son consentement \u00e0 l\u2019incorporation de ses donn\u00e9es \u00e0 un fichier duquel EBROCORK S.L.  est le responsable, qui a \u00e9t\u00e9 inscrit \u00e0 l\u2019Agence Espagnole de Protection de Donn\u00e9es afin de de l\u2019informer sur les produits et services sollicit\u00e9s, ainsi que l\u2019envoi de communications commerciales. Nous vous informons aussi sur vos droits d\u2019acc\u00e8s, rectification, r\u00e9siliation et refus, que vous pourrez exercer au si\u00e8ge social de EBROCORK S.L. sis \u00e0 ITURRIZAR 3 \u2013 31131 CIRAUQUI- NAVARRA.<\/p>\n<p>Nous vous informons aussi que les donn\u00e9es personnelles fournies ne seront pas c\u00e9d\u00e9es ni communiqu\u00e9es, m\u00eame pour leur conservation, \u00e0 des tiers.<\/p>\n","protected":false},"excerpt":{"rendered":"<p>POLITIQUE DE CONFIDENTIALIT\u00c9 Protection de donn\u00e9es En accord avec ce qui est \u00e9tabli par la Loi Organique 15\/1999 du 13 d\u00e9cembre de la Protection des&#8230;<\/p>\n","protected":false},"author":3,"featured_media":0,"parent":0,"menu_order":9999,"comment_status":"closed","ping_status":"closed","template":"","meta":{"footnotes":""},"class_list":["post-863","page","type-page","status-publish"],"yoast_head":"<!-- This site is optimized with the Yoast SEO plugin v23.4 - https:\/\/yoast.com\/wordpress\/plugins\/seo\/ -->\n<title>Politique de confidentialit\u00e9 | ebrocork<\/title>\n<meta name=\"robots\" content=\"noindex, follow\" \/>\n<meta property=\"og:locale\" content=\"fr_FR\" \/>\n<meta property=\"og:type\" content=\"article\" \/>\n<meta property=\"og:title\" content=\"Politique de confidentialit\u00e9 | ebrocork\" \/>\n<meta property=\"og:description\" content=\"POLITIQUE DE CONFIDENTIALIT\u00c9 Protection de donn\u00e9es En accord avec ce qui est \u00e9tabli par la Loi Organique 15\/1999 du 13 d\u00e9cembre de la Protection des...\" \/>\n<meta property=\"og:url\" content=\"https:\/\/ebrocork.com\/fr\/politique-de-confidentialite\/\" \/>\n<meta property=\"og:site_name\" content=\"ebrocork\" \/>\n<meta property=\"article:modified_time\" content=\"2020-12-22T14:45:57+00:00\" \/>\n<meta name=\"twitter:card\" content=\"summary_large_image\" \/>\n<meta name=\"twitter:label1\" content=\"Dur\u00e9e de lecture estim\u00e9e\" \/>\n\t<meta name=\"twitter:data1\" content=\"1 minute\" \/>\n<script type=\"application\/ld+json\" class=\"yoast-schema-graph\">{\"@context\":\"https:\/\/schema.org\",\"@graph\":[{\"@type\":\"WebPage\",\"@id\":\"https:\/\/ebrocork.com\/fr\/politique-de-confidentialite\/\",\"url\":\"https:\/\/ebrocork.com\/fr\/politique-de-confidentialite\/\",\"name\":\"Politique de confidentialit\u00e9 | ebrocork\",\"isPartOf\":{\"@id\":\"https:\/\/ebrocork.com\/fr\/#website\"},\"datePublished\":\"2020-12-22T14:39:57+00:00\",\"dateModified\":\"2020-12-22T14:45:57+00:00\",\"breadcrumb\":{\"@id\":\"https:\/\/ebrocork.com\/fr\/politique-de-confidentialite\/#breadcrumb\"},\"inLanguage\":\"fr-FR\",\"potentialAction\":[{\"@type\":\"ReadAction\",\"target\":[\"https:\/\/ebrocork.com\/fr\/politique-de-confidentialite\/\"]}]},{\"@type\":\"BreadcrumbList\",\"@id\":\"https:\/\/ebrocork.com\/fr\/politique-de-confidentialite\/#breadcrumb\",\"itemListElement\":[{\"@type\":\"ListItem\",\"position\":1,\"name\":\"Home\",\"item\":\"https:\/\/ebrocork.com\/fr\/\"},{\"@type\":\"ListItem\",\"position\":2,\"name\":\"Politique de confidentialit\u00e9\"}]},{\"@type\":\"WebSite\",\"@id\":\"https:\/\/ebrocork.com\/fr\/#website\",\"url\":\"https:\/\/ebrocork.com\/fr\/\",\"name\":\"ebrocork\",\"description\":\"Experiencia Descorche\",\"potentialAction\":[{\"@type\":\"SearchAction\",\"target\":{\"@type\":\"EntryPoint\",\"urlTemplate\":\"https:\/\/ebrocork.com\/fr\/?s={search_term_string}\"},\"query-input\":{\"@type\":\"PropertyValueSpecification\",\"valueRequired\":true,\"valueName\":\"search_term_string\"}}],\"inLanguage\":\"fr-FR\"}]}<\/script>\n<!-- \/ Yoast SEO plugin. -->","yoast_head_json":{"title":"Politique de confidentialit\u00e9 | ebrocork","robots":{"index":"noindex","follow":"follow"},"og_locale":"fr_FR","og_type":"article","og_title":"Politique de confidentialit\u00e9 | ebrocork","og_description":"POLITIQUE DE CONFIDENTIALIT\u00c9 Protection de donn\u00e9es En accord avec ce qui est \u00e9tabli par la Loi Organique 15\/1999 du 13 d\u00e9cembre de la Protection des...","og_url":"https:\/\/ebrocork.com\/fr\/politique-de-confidentialite\/","og_site_name":"ebrocork","article_modified_time":"2020-12-22T14:45:57+00:00","twitter_card":"summary_large_image","twitter_misc":{"Dur\u00e9e de lecture estim\u00e9e":"1 minute"},"schema":{"@context":"https:\/\/schema.org","@graph":[{"@type":"WebPage","@id":"https:\/\/ebrocork.com\/fr\/politique-de-confidentialite\/","url":"https:\/\/ebrocork.com\/fr\/politique-de-confidentialite\/","name":"Politique de confidentialit\u00e9 | ebrocork","isPartOf":{"@id":"https:\/\/ebrocork.com\/fr\/#website"},"datePublished":"2020-12-22T14:39:57+00:00","dateModified":"2020-12-22T14:45:57+00:00","breadcrumb":{"@id":"https:\/\/ebrocork.com\/fr\/politique-de-confidentialite\/#breadcrumb"},"inLanguage":"fr-FR","potentialAction":[{"@type":"ReadAction","target":["https:\/\/ebrocork.com\/fr\/politique-de-confidentialite\/"]}]},{"@type":"BreadcrumbList","@id":"https:\/\/ebrocork.com\/fr\/politique-de-confidentialite\/#breadcrumb","itemListElement":[{"@type":"ListItem","position":1,"name":"Home","item":"https:\/\/ebrocork.com\/fr\/"},{"@type":"ListItem","position":2,"name":"Politique de confidentialit\u00e9"}]},{"@type":"WebSite","@id":"https:\/\/ebrocork.com\/fr\/#website","url":"https:\/\/ebrocork.com\/fr\/","name":"ebrocork","description":"Experiencia Descorche","potentialAction":[{"@type":"SearchAction","target":{"@type":"EntryPoint","urlTemplate":"https:\/\/ebrocork.com\/fr\/?s={search_term_string}"},"query-input":{"@type":"PropertyValueSpecification","valueRequired":true,"valueName":"search_term_string"}}],"inLanguage":"fr-FR"}]}},"_links":{"self":[{"href":"https:\/\/ebrocork.com\/fr\/wp-json\/wp\/v2\/pages\/863","targetHints":{"allow":["GET"]}}],"collection":[{"href":"https:\/\/ebrocork.com\/fr\/wp-json\/wp\/v2\/pages"}],"about":[{"href":"https:\/\/ebrocork.com\/fr\/wp-json\/wp\/v2\/types\/page"}],"author":[{"embeddable":true,"href":"https:\/\/ebrocork.com\/fr\/wp-json\/wp\/v2\/users\/3"}],"replies":[{"embeddable":true,"href":"https:\/\/ebrocork.com\/fr\/wp-json\/wp\/v2\/comments?post=863"}],"version-history":[{"count":0,"href":"https:\/\/ebrocork.com\/fr\/wp-json\/wp\/v2\/pages\/863\/revisions"}],"wp:attachment":[{"href":"https:\/\/ebrocork.com\/fr\/wp-json\/wp\/v2\/media?parent=863"}],"curies":[{"name":"wp","href":"https:\/\/api.w.org\/{rel}","templated":true}]}}